{"id":52,"date":"2023-05-28T10:55:10","date_gmt":"2023-05-28T08:55:10","guid":{"rendered":"http:\/\/festivalnuee.org\/?page_id=52"},"modified":"2025-09-13T08:41:47","modified_gmt":"2025-09-13T06:41:47","slug":"lequipe-et-lassociation-zig-zag","status":"publish","type":"page","link":"https:\/\/festivalnuee.org\/index.php\/lequipe-et-lassociation-zig-zag\/","title":{"rendered":"L&#8217;\u00e9quipe et l&#8217;association Zig Zag"},"content":{"rendered":"<div data-colibri-id=\"52-c1\" class=\"style-568 style-local-52-c1 position-relative\">\n  <!---->\n  <div data-colibri-component=\"section\" data-colibri-id=\"52-c2\" id=\"initial-content\" class=\"h-section h-section-global-spacing d-flex align-items-lg-center align-items-md-center align-items-center style-569 style-local-52-c2 position-relative\">\n    <!---->\n    <!---->\n    <div class=\"h-section-grid-container h-section-boxed-container\">\n      <!---->\n      <div data-colibri-id=\"52-c3\" class=\"h-row-container gutters-row-lg-2 gutters-row-md-2 gutters-row-0 gutters-row-v-lg-2 gutters-row-v-md-2 gutters-row-v-2 style-573 style-local-52-c3 position-relative\">\n        <!---->\n        <div class=\"h-row justify-content-lg-center justify-content-md-center justify-content-center align-items-lg-stretch align-items-md-stretch align-items-stretch gutters-col-lg-2 gutters-col-md-2 gutters-col-0 gutters-col-v-lg-2 gutters-col-v-md-2 gutters-col-v-2\">\n          <!---->\n          <div class=\"h-column h-column-container d-flex h-col-lg-auto h-col-md-auto h-col-auto style-574-outer style-local-52-c4-outer\">\n            <div data-colibri-id=\"52-c4\" class=\"d-flex h-flex-basis h-column__inner h-px-lg-2 h-px-md-2 h-px-2 v-inner-lg-2 v-inner-md-2 v-inner-2 style-574 style-local-52-c4 position-relative\">\n              <!---->\n              <!---->\n              <div class=\"w-100 h-y-container h-column__content h-column__v-align flex-basis-100 align-self-lg-start align-self-md-start align-self-start\">\n                <!---->\n                <div data-colibri-id=\"52-c5\" class=\"h-text h-text-component style-575 style-local-52-c5 position-relative h-element\">\n                  <!---->\n                  <!---->\n                  <div class=\"\">\n                    <p>L\u2019association Zig-Zag, de la danse amateur \u00e0 la diffusion de spectacles professionnels&#8230;<\/p>\n                    <p>L\u2019association zigzag promeut la pratique de la danse contemporaine et la diffusion du spectacle vivant. Elle s\u2019est implant\u00e9e \u00e0 Sainte-Jalle en mai 2022 apr\u00e8s avoir exerc\u00e9 13 ans \u00e0 Pertuis dans le Vaucluse. Alors baptis\u00e9e association\n                      Zig elle administrait \u00e0 l\u2019\u00e9poque la compagnie du Ballet des Zigues. Son implantation dans la vall\u00e9e est motiv\u00e9e par l\u2019arriv\u00e9e de Julie patois, chor\u00e9graphe et danseuse, et Julien Caullireau musicien\/compositeur, tous deux co-directeurs\n                      du Ballet des Zigues et r\u00e9cemment install\u00e9s \u00e0 Sainte-Jalle.<\/p>\n                    <p>\u00c0 son arriv\u00e9e en septembre 2019 Julie Patois, chor\u00e9graphe et enseignante dipl\u00f4m\u00e9e d\u2019\u00e9tat depuis 25 ans propose des ateliers de danse contemporaine dans la vall\u00e9e de l\u2019Ennuy\u00e9.<\/p>\n                    <p>La pand\u00e9mie et les contraintes que cela implique l\u2019incite \u00e0 d\u00e9ployer d\u2019autres moyens d\u2019exercer son m\u00e9tier et de cr\u00e9er des \u0153uvres chor\u00e9graphiques.\n                      <br>Elle embarque alors aupr\u00e8s d\u2019elle les habitants du territoire qui souhaitent se remettre en mouvement au travers de projets chor\u00e9graphiques.\n                      <br>De ces rencontres d\u00e9couleront des spectacles immersifs et d\u00e9ambulatoires au c\u0153ur des paysages architecturaux de la vall\u00e9e.\n                      <br>Du fruit de ces repr\u00e9sentations na\u00eetra le d\u00e9sir de f\u00e9d\u00e9rer autour d\u2019un \u00e9v\u00e9nement plus grand et plus engag\u00e9 : un festival.<\/p>\n                    <p>L\u2019association Zig devenue Zig-Zag trouve alors dans cette vall\u00e9e une nouvelle \u00e9quipe, un nouvel \u00e9lan et de nouvelles ambitions.\n                      <br>Aujourd\u2019hui, elle souhaite conjuguer un festival et un programme p\u00e9dagogique en relation avec son territoire, ses habitants, la nature et le vivant. Elle propose tout au long de l\u2019ann\u00e9e une exp\u00e9rimentation de la danse pour amateur,\n                      adulte et enfant. De son c\u00f4t\u00e9, Julie Patois \u00e0 la fois professeure de danse de l\u2019association et directrice artistique du festival poursuit cette sensibilisation \u00e0 la danse contemporaine au travers d\u2019interventions dans un grand nombre\n                      d\u2019\u00e9coles primaires du territoire, permettant de renforcer le lien entre les habitants et le projet annuel du festival.<\/p>\n                  <\/div>\n                <\/div>\n              <\/div>\n            <\/div>\n          <\/div>\n        <\/div>\n      <\/div>\n      <div data-colibri-id=\"52-c6\" class=\"h-row-container gutters-row-lg-2 gutters-row-md-2 gutters-row-0 gutters-row-v-lg-2 gutters-row-v-md-2 gutters-row-v-2 style-570 style-local-52-c6 position-relative\">\n        <!---->\n        <div class=\"h-row justify-content-lg-center justify-content-md-center justify-content-center align-items-lg-stretch align-items-md-stretch align-items-stretch gutters-col-lg-2 gutters-col-md-2 gutters-col-0 gutters-col-v-lg-2 gutters-col-v-md-2 gutters-col-v-2\">\n          <!---->\n          <div class=\"h-column h-column-container d-flex h-col-lg-auto h-col-md-auto h-col-auto style-571-outer style-local-52-c7-outer\">\n            <div data-colibri-id=\"52-c7\" class=\"d-flex h-flex-basis h-column__inner h-px-lg-2 h-px-md-2 h-px-2 v-inner-lg-2 v-inner-md-2 v-inner-2 style-571 style-local-52-c7 position-relative\">\n              <!---->\n              <!---->\n              <div class=\"w-100 h-y-container h-column__content h-column__v-align flex-basis-100 align-self-lg-start align-self-md-start align-self-start\">\n                <!---->\n                <div data-colibri-id=\"52-c8\" class=\"h-global-transition-all h-heading style-579 style-local-52-c8 position-relative h-element\">\n                  <!---->\n                  <div class=\"h-heading__outer style-579 style-local-52-c8\">\n                    <!---->\n                    <!---->\n                    <h3 class=\"\">ASSOCIATION ZIG ZAG<\/h3>\n                  <\/div>\n                <\/div>\n                <div data-colibri-id=\"52-c9\" class=\"h-text h-text-component style-576 style-local-52-c9 position-relative h-element\">\n                  <!---->\n                  <!---->\n                  <div class=\"\">\n                    <p>\n                      <br>\n                    <\/p>\n                    <p>Pr\u00e9sidente | C\u00e9line DREYER<\/p>\n                    <p>TRESORIERE | Claire MALINGE<\/p>\n                    <p>SECRETAIRE | Cathy TESTELMANS<\/p>\n                    <p>SECRETAIRE SUPPLEANTE | Karine JOLI<\/p>\n                    <p>\n                      <br>\n                    <\/p>\n                  <\/div>\n                <\/div>\n              <\/div>\n            <\/div>\n          <\/div>\n          <div class=\"h-column h-column-container d-flex h-col-lg-auto h-col-md-auto h-col-auto style-577-outer style-local-52-c10-outer\">\n            <div data-colibri-id=\"52-c10\" class=\"d-flex h-flex-basis h-column__inner h-px-lg-2 h-px-md-2 h-px-2 v-inner-lg-2 v-inner-md-2 v-inner-2 style-577 style-local-52-c10 position-relative\">\n              <!---->\n              <!---->\n              <div class=\"w-100 h-y-container h-column__content h-column__v-align flex-basis-100 align-self-lg-start align-self-md-start align-self-start\">\n                <!---->\n                <div data-colibri-id=\"52-c11\" class=\"h-text h-text-component style-578 style-local-52-c11 position-relative h-element\">\n                  <!---->\n                  <!---->\n                  <div class=\"\">\n                    <p>Direction Artistique<\/p>\n                    <p>Julie PATOIS<\/p>\n                    <p>&#8212;&#8212;&#8212;&#8212;&#8212;&#8212;&#8212;&#8212;&#8212;&#8212;&#8212;&#8211;<\/p>\n                    <p>Conception Graphique<\/p>\n                    <p>WEb | communication<\/p>\n                    <p>Julien CAULLIREAU<\/p>\n                    <p>\n                      <br>\n                    <\/p>\n                  <\/div>\n                <\/div>\n              <\/div>\n            <\/div>\n          <\/div>\n        <\/div>\n      <\/div>\n    <\/div>\n  <\/div>\n  <div data-colibri-component=\"section\" data-colibri-id=\"52-c12\" id=\"reusable-sections\" class=\"h-section h-section-global-spacing d-flex align-items-lg-center align-items-md-center align-items-center style-943 style-local-52-c12 position-relative\">\n    <!---->\n    <!---->\n    <div class=\"h-section-grid-container h-section-boxed-container\">\n      <!---->\n      <div data-colibri-id=\"52-c13\" class=\"h-row-container gutters-row-lg-2 gutters-row-md-2 gutters-row-0 gutters-row-v-lg-2 gutters-row-v-md-2 gutters-row-v-2 style-944 style-local-52-c13 position-relative\">\n        <!---->\n        <div class=\"h-row justify-content-lg-center justify-content-md-center justify-content-center align-items-lg-stretch align-items-md-stretch align-items-stretch gutters-col-lg-2 gutters-col-md-2 gutters-col-0 gutters-col-v-lg-2 gutters-col-v-md-2 gutters-col-v-2\">\n          <!---->\n          <div class=\"h-column h-column-container d-flex h-col-lg-auto h-col-md-auto h-col-auto style-945-outer style-local-52-c14-outer\">\n            <div data-colibri-id=\"52-c14\" class=\"d-flex h-flex-basis h-column__inner h-px-lg-2 h-px-md-2 h-px-2 v-inner-lg-2 v-inner-md-2 v-inner-2 style-945 style-local-52-c14 position-relative\">\n              <!---->\n              <!---->\n              <div class=\"w-100 h-y-container h-column__content h-column__v-align flex-basis-100 align-self-lg-start align-self-md-start align-self-start\">\n                <!---->\n                <div data-colibri-id=\"52-c15\" class=\"h-global-transition-all h-heading style-946 style-local-52-c15 position-relative h-element\">\n                  <!---->\n                  <div class=\"h-heading__outer style-946 style-local-52-c15\">\n                    <!---->\n                    <!---->\n                    <h4 class=\"\">Suivez nous sur les r\u00e9seaux<\/h4>\n                  <\/div>\n                <\/div>\n                <div data-colibri-id=\"52-c16\" class=\"style-947 style-local-52-c16 position-relative h-element\">\n                  <!---->\n                  <div class=\"d-flex flex-wrap h-social-icons justify-content-lg-center justify-content-md-center justify-content-center\">\n                    <div class=\"social-icon-container d-inline-flex\">\n                      <a href=\"https:\/\/www.facebook.com\/festivalnuee\" target=\"_blank\" h-use-smooth-scroll=\"true\">\n                        <div class=\"icon-container h-social-icon h-global-transition\">\n                          <div class=\"h-icon-svg\" style=\"width: 100%; height: 100%;\">\n                            <!--Icon by Font Awesome (https:\/\/fontawesome.com)-->\n                            <svg version=\"1.1\" xmlns=\"http:\/\/www.w3.org\/2000\/svg\" xmlns:xlink=\"http:\/\/www.w3.org\/1999\/xlink\" id=\"facebook-square\" viewBox=\"0 0 1536 1896.0833\">\n                              <path d=\"M1248 128q119 0 203.5 84.5T1536 416v960q0 119-84.5 203.5T1248 1664h-188v-595h199l30-232h-229V689q0-56 23.5-84t91.5-28l122-1V369q-63-9-178-9-136 0-217.5 80T820 666v171H620v232h200v595H288q-119 0-203.5-84.5T0 1376V416q0-119 84.5-203.5T288 128h960z\"><\/path>\n                            <\/svg>\n                          <\/div>\n                        <\/div>\n                      <\/a>\n                    <\/div>\n                    <div class=\"social-icon-container d-inline-flex\">\n                      <a href=\"https:\/\/www.instagram.com\/festival.nuee\/\" target=\"_blank\" h-use-smooth-scroll=\"true\">\n                        <div class=\"icon-container h-social-icon h-global-transition\">\n                          <div class=\"h-icon-svg\" style=\"width: 100%; height: 100%;\">\n                            <!--Icon by Socicon (http:\/\/www.socicon.com)-->\n                            <svg version=\"1.1\" xmlns=\"http:\/\/www.w3.org\/2000\/svg\" viewBox=\"0 0 1500 1500\">\n\n                              <path d=\"M750 134.766c202.148 0 222.656 2.93 301.758 5.859 76.172 2.93 114.258 14.648 140.625 23.438 35.156 14.648 61.523 32.227 84.961 55.664 26.367 26.367 43.945 52.734 55.664 84.961 11.719 29.297 23.438 67.383 26.367 140.625 2.93 82.031 5.859 102.539 5.859 304.688s-2.93 222.656-5.859 301.758c-2.93 76.172-14.648 114.258-23.438 140.625-14.648 35.156-32.227 61.523-55.664 84.961-26.367 26.367-52.734 43.945-84.961 55.664-29.297 11.719-67.383 23.438-140.625 26.367-82.031 2.93-102.539 5.859-304.688 5.859s-222.656-2.93-301.758-5.859c-76.172-2.93-114.258-14.648-140.625-23.438-35.156-14.648-61.523-32.227-84.961-55.664-26.367-26.367-43.945-52.734-55.664-84.961-11.719-29.297-23.438-67.383-26.367-140.625-2.93-82.031-5.859-102.539-5.859-304.688s2.93-222.656 5.859-301.758c2.93-76.172 14.648-114.258 23.438-140.625 14.648-35.156 32.227-61.523 55.664-84.961 26.367-26.367 52.734-43.945 84.961-55.664 29.297-11.719 67.383-23.438 140.625-26.367 82.031-2.93 102.539-5.859 304.688-5.859M750 0c-205.078 0-228.516 2.93-307.617 5.859-82.031 2.93-137.695 14.648-181.641 32.227-49.805 20.508-93.75 46.875-134.766 87.891s-67.383 84.961-87.891 134.766c-17.578 46.875-29.297 99.609-32.227 181.641-2.93 79.102-5.859 102.539-5.859 307.617s2.93 228.516 5.859 307.617c2.93 82.031 14.648 137.695 32.227 181.641 20.508 49.805 46.875 93.75 87.891 134.766s84.961 67.383 134.766 87.891c46.875 17.578 99.609 29.297 181.641 32.227 79.102 2.93 102.539 5.859 307.617 5.859s228.516-2.93 307.617-5.859c82.031-2.93 137.695-14.648 181.641-32.227 49.805-20.508 93.75-46.875 134.766-87.891s67.383-84.961 87.891-134.766c17.578-46.875 29.297-99.609 32.227-181.641 2.93-79.102 5.859-102.539 5.859-307.617s-2.93-228.516-5.859-307.617c-2.93-82.031-14.648-137.695-32.227-181.641-20.508-49.805-46.875-93.75-87.891-134.766s-84.961-67.383-134.766-87.891c-46.875-17.578-99.609-29.297-181.641-32.227-79.102-2.93-102.539-5.859-307.617-5.859zM750 363.281c-213.867 0-386.719 172.852-386.719 386.719s172.852 386.719 386.719 386.719c213.867 0 386.719-172.852 386.719-386.719s-172.852-386.719-386.719-386.719zM750 1001.953c-137.695 0-251.953-114.258-251.953-251.953s114.258-251.953 251.953-251.953c137.695 0 251.953 114.258 251.953 251.953s-114.258 251.953-251.953 251.953zM1239.258 348.633c0 49.805-38.086 90.82-87.891 90.82s-90.82-41.016-90.82-90.82c0-49.805 41.016-87.891 90.82-87.891s87.891 38.086 87.891 87.891z\"><\/path>\n                            <\/svg>\n                          <\/div>\n                        <\/div>\n                      <\/a>\n                    <\/div>\n                    <div class=\"social-icon-container d-inline-flex\">\n                      <a href=\"https:\/\/wa.me\/+33769004084\" target=\"_blank\" h-use-smooth-scroll=\"true\">\n                        <div class=\"icon-container h-social-icon h-global-transition\">\n                          <div class=\"h-icon-svg\" style=\"width: 100%; height: 100%;\">\n                            <!--Icon by Socicon (http:\/\/www.socicon.com)-->\n                            <svg version=\"1.1\" xmlns=\"http:\/\/www.w3.org\/2000\/svg\" viewBox=\"0 0 1500 1500\">\n\n                              <path d=\"M1280.273 216.797c-140.625-140.625-328.125-216.797-527.344-216.797-410.156 0-744.141 333.984-744.141 744.141 0 128.906 35.156 257.813 99.609 372.070l-105.469 383.789 395.508-102.539c108.398 58.594 228.516 90.82 354.492 90.82v0c0 0 0 0 0 0 410.156 0 744.141-333.984 744.141-744.141 0-199.219-76.172-386.719-216.797-527.344zM752.93 1362.305v0c-111.328 0-219.727-29.297-313.477-87.891l-23.438-11.719-234.375 61.523 61.523-228.516-14.648-23.438c-61.523-99.609-93.75-210.938-93.75-328.125 0-342.773 278.32-618.164 618.164-618.164 164.063 0 319.336 64.453 436.523 181.641s181.641 272.461 181.641 436.523c0 339.844-278.32 618.164-618.164 618.164zM1092.773 899.414c-20.508-8.789-111.328-55.664-128.906-61.523-14.648-5.859-29.297-8.789-41.016 8.789-11.719 20.508-46.875 61.523-58.594 73.242s-20.508 14.648-41.016 5.859c-17.578-8.789-76.172-29.297-149.414-93.75-52.734-46.875-90.82-108.398-102.539-128.906-11.719-17.578 0-26.367 8.789-38.086 8.789-5.859 17.578-20.508 26.367-32.227 11.719-8.789 14.648-17.578 20.508-29.297s2.93-23.438-2.93-32.227c-2.93-8.789-41.016-102.539-55.664-137.695-17.578-38.086-32.227-32.227-43.945-32.227-8.789 0-23.438 0-35.156 0s-32.227 2.93-49.805 20.508c-17.578 20.508-64.453 64.453-64.453 155.273 0 93.75 67.383 181.641 76.172 193.359s131.836 199.219 316.406 281.25c43.945 17.578 79.102 29.297 105.469 38.086 46.875 14.648 84.961 11.719 117.188 8.789 38.086-5.859 111.328-46.875 125.977-90.82 17.578-41.016 17.578-79.102 11.719-87.891-5.859-5.859-17.578-11.719-35.156-20.508z\"><\/path>\n                            <\/svg>\n                          <\/div>\n                        <\/div>\n                      <\/a>\n                    <\/div>\n                    <div class=\"social-icon-container d-inline-flex\">\n                      <a href=\"https:\/\/www.youtube.com\/channel\/UCWLj8AABCA8XabMLo8DDuZA\" target=\"_blank\" h-use-smooth-scroll=\"true\">\n                        <div class=\"icon-container h-social-icon h-global-transition\">\n                          <div class=\"h-icon-svg\" style=\"width: 100%; height: 100%;\">\n                            <!--Icon by Socicon (http:\/\/www.socicon.com)-->\n                            <svg version=\"1.1\" xmlns=\"http:\/\/www.w3.org\/2000\/svg\" viewBox=\"0 0 1500 1500\">\n\n                              <path d=\"M1485.352 451.172c0 0-14.648-105.469-58.594-149.414-58.594-61.523-123.047-61.523-152.344-64.453-208.008-14.648-524.414-14.648-524.414-14.648v0c0 0-316.406 0-524.414 14.648-29.297 2.93-93.75 2.93-152.344 64.453-43.945 43.945-58.594 149.414-58.594 149.414s-14.648 120.117-14.648 240.234v114.258c0 123.047 14.648 243.164 14.648 243.164s14.648 102.539 58.594 149.414c58.594 58.594 134.766 58.594 166.992 64.453 120.117 11.719 509.766 14.648 509.766 14.648s316.406 0 524.414-14.648c29.297-2.93 93.75-5.859 152.344-64.453 43.945-46.875 58.594-149.414 58.594-149.414s14.648-120.117 14.648-243.164v-114.258c0-120.117-14.648-240.234-14.648-240.234zM952.148 761.719v0l-354.492 184.57v-421.875l404.297 210.938z\"><\/path>\n                            <\/svg>\n                          <\/div>\n                        <\/div>\n                      <\/a>\n                    <\/div>\n                  <\/div>\n                <\/div>\n              <\/div>\n            <\/div>\n          <\/div>\n        <\/div>\n      <\/div>\n      <div data-colibri-id=\"52-c17\" class=\"h-row-container gutters-row-lg-2 gutters-row-md-2 gutters-row-0 gutters-row-v-lg-2 gutters-row-v-md-2 gutters-row-v-2 style-948 style-local-52-c17 position-relative\">\n        <!---->\n        <div class=\"h-row justify-content-lg-center justify-content-md-center justify-content-center align-items-lg-stretch align-items-md-stretch align-items-stretch gutters-col-lg-2 gutters-col-md-2 gutters-col-0 gutters-col-v-lg-2 gutters-col-v-md-2 gutters-col-v-2\">\n          <!---->\n          <div class=\"h-column h-column-container d-flex h-col-lg-auto h-col-md-auto h-col-auto style-949-outer style-local-52-c18-outer\">\n            <div data-colibri-id=\"52-c18\" class=\"d-flex h-flex-basis h-column__inner h-px-lg-2 h-px-md-2 h-px-2 v-inner-lg-2 v-inner-md-2 v-inner-2 style-949 style-local-52-c18 position-relative\">\n              <!---->\n              <!---->\n              <div class=\"w-100 h-y-container h-column__content h-column__v-align flex-basis-100 align-self-lg-start align-self-md-start align-self-start\">\n                <!---->\n                <div data-colibri-id=\"52-c19\" class=\"h-x-container style-950 style-local-52-c19 position-relative h-element\">\n                  <!---->\n                  <div class=\"h-x-container-inner style-dynamic-52-c19-group style-950-spacing style-local-52-c19-spacing\"><span class=\"h-button__outer style-951-outer style-local-52-c20-outer d-inline-flex h-element\"><a h-use-smooth-scroll=\"true\" href=\"https:\/\/mailchi.mp\/9bc07082b8d3\/page-newsletter\"  data-colibri-id=\"52-c20\" class=\"d-flex w-100 align-items-center h-button justify-content-lg-center justify-content-md-center justify-content-center style-951 style-local-52-c20 position-relative\"><!----><!----> <span>Inscription Newsletter<\/span><\/a>\n                    <\/span>\n                  <\/div>\n                <\/div>\n              <\/div>\n            <\/div>\n          <\/div>\n        <\/div>\n      <\/div>\n    <\/div>\n  <\/div>\n<\/div>","protected":false},"excerpt":{"rendered":"<p>L\u2019association Zig-Zag, de la danse amateur \u00e0 la diffusion de spectacles professionnels&#8230; L\u2019association zigzag promeut la pratique de la danse contemporaine et la diffusion du spectacle vivant. Elle s\u2019est implant\u00e9e \u00e0 Sainte-Jalle en mai 2022 apr\u00e8s avoir exerc\u00e9 13 ans \u00e0 Pertuis dans le Vaucluse. Alors baptis\u00e9e association Zig elle administrait \u00e0 l\u2019\u00e9poque la compagnie [&hellip;]<\/p>\n","protected":false},"author":1,"featured_media":0,"parent":0,"menu_order":0,"comment_status":"closed","ping_status":"closed","template":"page-templates\/full-width-page.php","meta":{"footnotes":""},"class_list":["post-52","page","type-page","status-publish","hentry"],"_links":{"self":[{"href":"https:\/\/festivalnuee.org\/index.php\/wp-json\/wp\/v2\/pages\/52","targetHints":{"allow":["GET"]}}],"collection":[{"href":"https:\/\/festivalnuee.org\/index.php\/wp-json\/wp\/v2\/pages"}],"about":[{"href":"https:\/\/festivalnuee.org\/index.php\/wp-json\/wp\/v2\/types\/page"}],"author":[{"embeddable":true,"href":"https:\/\/festivalnuee.org\/index.php\/wp-json\/wp\/v2\/users\/1"}],"replies":[{"embeddable":true,"href":"https:\/\/festivalnuee.org\/index.php\/wp-json\/wp\/v2\/comments?post=52"}],"version-history":[{"count":13,"href":"https:\/\/festivalnuee.org\/index.php\/wp-json\/wp\/v2\/pages\/52\/revisions"}],"predecessor-version":[{"id":2657,"href":"https:\/\/festivalnuee.org\/index.php\/wp-json\/wp\/v2\/pages\/52\/revisions\/2657"}],"wp:attachment":[{"href":"https:\/\/festivalnuee.org\/index.php\/wp-json\/wp\/v2\/media?parent=52"}],"curies":[{"name":"wp","href":"https:\/\/api.w.org\/{rel}","templated":true}]}}