{"id":80,"date":"2023-05-28T10:34:56","date_gmt":"2023-05-28T08:34:56","guid":{"rendered":"http:\/\/festivalnuee.org\/?page_id=80"},"modified":"2025-09-05T14:25:44","modified_gmt":"2025-09-05T12:25:44","slug":"presentation","status":"publish","type":"page","link":"https:\/\/festivalnuee.org\/index.php\/presentation\/","title":{"rendered":"Pr\u00e9sentation"},"content":{"rendered":"<div data-colibri-id=\"80-c1\" class=\"style-211 style-local-80-c1 position-relative\">\n  <!---->\n  <div data-colibri-component=\"section\" data-colibri-id=\"80-c2\" id=\"initial-content\" class=\"h-section h-section-global-spacing d-flex align-items-lg-center align-items-md-center align-items-center style-212 style-local-80-c2 position-relative\">\n    <!---->\n    <!---->\n    <div class=\"h-section-grid-container h-section-boxed-container\">\n      <!---->\n      <div data-colibri-id=\"80-c3\" class=\"h-row-container gutters-row-lg-2 gutters-row-md-2 gutters-row-0 gutters-row-v-lg-2 gutters-row-v-md-2 gutters-row-v-2 style-595 style-local-80-c3 position-relative\">\n        <!---->\n        <div class=\"h-row justify-content-lg-center justify-content-md-center justify-content-center align-items-lg-stretch align-items-md-stretch align-items-stretch gutters-col-lg-2 gutters-col-md-2 gutters-col-0 gutters-col-v-lg-2 gutters-col-v-md-2 gutters-col-v-2\">\n          <!---->\n          <div class=\"h-column h-column-container d-flex h-col-lg-auto h-col-md-auto h-col-auto style-596-outer style-local-80-c4-outer\">\n            <div data-colibri-id=\"80-c4\" class=\"d-flex h-flex-basis h-column__inner h-px-lg-2 h-px-md-2 h-px-2 v-inner-lg-2 v-inner-md-2 v-inner-2 style-596 style-local-80-c4 position-relative\">\n              <!---->\n              <!---->\n              <div class=\"w-100 h-y-container h-column__content h-column__v-align flex-basis-100 align-self-lg-start align-self-md-start align-self-start\">\n                <!---->\n                <div data-colibri-id=\"80-c5\" class=\"h-global-transition-all h-heading style-598 style-local-80-c5 position-relative h-element\">\n                  <!---->\n                  <div class=\"h-heading__outer style-598 style-local-80-c5\">\n                    <!---->\n                    <!---->\n                    <h3 class=\"\">Pr\u00e9sentation<\/h3>\n                  <\/div>\n                <\/div>\n                <div data-colibri-id=\"80-c6\" class=\"h-text h-text-component style-597 style-local-80-c6 position-relative h-element\">\n                  <!---->\n                  <!---->\n                  <div class=\"\">\n                    <p>\n                      <br>Nu\u00e9e est un festival annuel qui c\u00e9l\u00e8bre la danse et les arts du geste, se tenant chaque mois de<\/p>\n                    <p>septembre dans la vall\u00e9e de l\u2019ennuy\u00e9 en Dr\u00f4me proven\u00e7ale. Port\u00e9 par une \u00e9quipe de b\u00e9n\u00e9voles<\/p>\n                    <p>passionn\u00e9s, le festival Nu\u00e9e est un \u00e9v\u00e9nement unique dans le paysage culturel des Baronnies.<\/p>\n                    <p>Le projet Nu\u00e9e se distingue par sa diversit\u00e9 : il offre d\u2019une part des spectacles issus du paysage<\/p>\n                    <p>chor\u00e9graphique national et propose d\u2019autre part des ateliers de sensibilisation aux diverses disciplines<\/p>\n                    <p>artistiques telles que la photographie, la danse, le th\u00e9\u00e2tre et les marionnettes. En outre, il organise<\/p>\n                    <p>\u00e9galement des r\u00e9sidences d\u2019artistes.<\/p>\n                    <p>\n                      <br>\n                    <\/p>\n                  <\/div>\n                <\/div>\n              <\/div>\n            <\/div>\n          <\/div>\n        <\/div>\n      <\/div>\n      <div data-colibri-id=\"80-c7\" class=\"h-row-container gutters-row-lg-2 gutters-row-md-2 gutters-row-0 gutters-row-v-lg-2 gutters-row-v-md-2 gutters-row-v-2 style-602 style-local-80-c7 position-relative\">\n        <!---->\n        <div class=\"h-row justify-content-lg-center justify-content-md-center justify-content-center align-items-lg-stretch align-items-md-stretch align-items-stretch gutters-col-lg-2 gutters-col-md-2 gutters-col-0 gutters-col-v-lg-2 gutters-col-v-md-2 gutters-col-v-2\">\n          <!---->\n          <div class=\"h-column h-column-container d-flex h-col-lg-auto h-col-md-auto h-col-auto style-603-outer style-local-80-c8-outer\">\n            <div data-colibri-id=\"80-c8\" class=\"d-flex h-flex-basis h-column__inner h-px-lg-2 h-px-md-2 h-px-2 v-inner-lg-2 v-inner-md-2 v-inner-2 style-603 style-local-80-c8 position-relative\">\n              <!---->\n              <!---->\n              <div class=\"w-100 h-y-container h-column__content h-column__v-align flex-basis-100 align-self-lg-start align-self-md-start align-self-start\">\n                <!---->\n                <div data-colibri-id=\"80-c9\" class=\"h-global-transition-all h-heading style-604 style-local-80-c9 position-relative h-element\">\n                  <!---->\n                  <div class=\"h-heading__outer style-604 style-local-80-c9\">\n                    <!---->\n                    <!---->\n                    <h3 class=\"\">Note d&#8217;intention<\/h3>\n                  <\/div>\n                <\/div>\n              <\/div>\n            <\/div>\n          <\/div>\n        <\/div>\n      <\/div>\n      <div data-colibri-id=\"80-c10\" class=\"h-row-container gutters-row-lg-2 gutters-row-md-2 gutters-row-0 gutters-row-v-lg-2 gutters-row-v-md-2 gutters-row-v-2 style-599 style-local-80-c10 position-relative\">\n        <!---->\n        <div class=\"h-row justify-content-lg-center justify-content-md-center justify-content-center align-items-lg-stretch align-items-md-stretch align-items-stretch gutters-col-lg-2 gutters-col-md-2 gutters-col-0 gutters-col-v-lg-2 gutters-col-v-md-2 gutters-col-v-2\">\n          <!---->\n          <div class=\"h-column h-column-container d-flex h-col-lg-auto h-col-md-auto h-col-auto style-600-outer style-local-80-c11-outer\">\n            <div data-colibri-id=\"80-c11\" class=\"d-flex h-flex-basis h-column__inner h-px-lg-2 h-px-md-2 h-px-2 v-inner-lg-2 v-inner-md-2 v-inner-2 style-600 style-local-80-c11 position-relative\">\n              <!---->\n              <!---->\n              <div class=\"w-100 h-y-container h-column__content h-column__v-align flex-basis-100 align-self-lg-start align-self-md-start align-self-start\">\n                <!---->\n                <div data-colibri-id=\"80-c12\" class=\"h-text h-text-component style-601 style-local-80-c12 position-relative h-element\">\n                  <!---->\n                  <!---->\n                  <div class=\"\">\n                    <p>Nu\u00e9e est un festival d\u2019arts en mouvement.<\/p>\n                    <p>Il y est question de d\u00e9placement, de geste et d\u2019\u00e9motion. Danse, th\u00e9\u00e2tre, cirque, concert, exposition,<\/p>\n                    <p>marionnettes&#8230; Pourvu qu\u2019ils soient en mouvement, m\u00eame le plus infime, tous les arts peuvent \u00eatre<\/p>\n                    <p>pr\u00e9textes \u00e0 nourrir notre curiosit\u00e9 et \u00e9clairer nos interrogations.<\/p>\n                    <p>Pour cette troisi\u00e8me \u00e9dition, Nu\u00e9e investira une nouvelle fois la vall\u00e9e de l\u2019Ennuy\u00e9 pour en faire un lieu<\/p>\n                    <p>de rencontres et d\u2019\u00e9changes o\u00f9 il fera bon s\u2019initier, se divertir et surtout s\u2019immerger dans la danse et<\/p>\n                    <p>toutes les formes artistiques qui tendront vers elle. Ce festival souhaite dynamiser les campagnes en<\/p>\n                    <p>provoquant des rencontres entre habitants du territoire et artistes de tous horizons.<\/p>\n                    <p>Et afin de s\u2019offrir aux plus grand nombre et parce que le contexte rural impose ses limites, Nu\u00e9e prendra<\/p>\n                    <p>place dans l\u2019espace public.<\/p>\n                  <\/div>\n                <\/div>\n              <\/div>\n            <\/div>\n          <\/div>\n        <\/div>\n      <\/div>\n      <div data-colibri-id=\"80-c13\" class=\"h-row-container gutters-row-lg-2 gutters-row-md-2 gutters-row-0 gutters-row-v-lg-2 gutters-row-v-md-2 gutters-row-v-2 style-605 style-local-80-c13 position-relative\">\n        <!---->\n        <div class=\"h-row justify-content-lg-center justify-content-md-center justify-content-center align-items-lg-stretch align-items-md-stretch align-items-stretch gutters-col-lg-2 gutters-col-md-2 gutters-col-0 gutters-col-v-lg-2 gutters-col-v-md-2 gutters-col-v-2\">\n          <!---->\n          <div class=\"h-column h-column-container d-flex h-col-lg-auto h-col-md-auto h-col-auto style-606-outer style-local-80-c14-outer\">\n            <div data-colibri-id=\"80-c14\" class=\"d-flex h-flex-basis h-column__inner h-px-lg-2 h-px-md-2 h-px-2 v-inner-lg-2 v-inner-md-2 v-inner-2 style-606 style-local-80-c14 position-relative\">\n              <!---->\n              <!---->\n              <div class=\"w-100 h-y-container h-column__content h-column__v-align flex-basis-100 align-self-lg-start align-self-md-start align-self-start\">\n                <!---->\n                <div data-colibri-id=\"80-c15\" class=\"h-global-transition-all h-heading style-607 style-local-80-c15 position-relative h-element\">\n                  <!---->\n                  <div class=\"h-heading__outer style-607 style-local-80-c15\">\n                    <!---->\n                    <!---->\n                    <h3 class=\"\">Festival #3<\/h3>\n                  <\/div>\n                <\/div>\n              <\/div>\n            <\/div>\n          <\/div>\n        <\/div>\n      <\/div>\n      <div data-colibri-id=\"80-c16\" class=\"h-row-container gutters-row-lg-2 gutters-row-md-2 gutters-row-0 gutters-row-v-lg-2 gutters-row-v-md-2 gutters-row-v-2 style-608 style-local-80-c16 position-relative\">\n        <!---->\n        <div class=\"h-row justify-content-lg-center justify-content-md-center justify-content-center align-items-lg-stretch align-items-md-stretch align-items-stretch gutters-col-lg-2 gutters-col-md-2 gutters-col-0 gutters-col-v-lg-2 gutters-col-v-md-2 gutters-col-v-2\">\n          <!---->\n          <div class=\"h-column h-column-container d-flex h-col-lg-auto h-col-md-auto h-col-auto style-609-outer style-local-80-c17-outer\">\n            <div data-colibri-id=\"80-c17\" class=\"d-flex h-flex-basis h-column__inner h-px-lg-2 h-px-md-2 h-px-2 v-inner-lg-2 v-inner-md-2 v-inner-2 style-609 style-local-80-c17 position-relative\">\n              <!---->\n              <!---->\n              <div class=\"w-100 h-y-container h-column__content h-column__v-align flex-basis-100 align-self-lg-start align-self-md-start align-self-start\">\n                <!---->\n                <div data-colibri-id=\"80-c18\" class=\"h-text h-text-component style-610 style-local-80-c18 position-relative h-element\">\n                  <!---->\n                  <!---->\n                  <div class=\"\">\n                    <p>\n                      <br>Dans un monde marqu\u00e9 par l\u2019exc\u00e8s et la surconsommation, nous proposerons lors de cette troisi\u00e8me<\/p>\n                    <p>\u00e9dition une r\u00e9flexion sur la simplicit\u00e9, la vuln\u00e9rabilit\u00e9 et l\u2019essence m\u00eame de l\u2019\u00eatre. Une parenth\u00e8se o\u00f9<\/p>\n                    <p>acteurs et spectateurs seront convi\u00e9s \u00e0 explorer la beaut\u00e9 et la profondeur du d\u00e9nuement.<\/p>\n                    <p>Au coeur de cette exploration, le d\u00e9nuement sera per\u00e7u non pas comme une absence, mais comme une<\/p>\n                    <p>opportunit\u00e9 de red\u00e9couvrir la beaut\u00e9 des choses simples. Artistes et spectateurs, qu\u2019ils soient danseurs,<\/p>\n                    <p>musiciens, com\u00e9diens ou plasticiens, seront invit\u00e9s \u00e0 r\u00e9v\u00e9ler la richesse qui \u00e9merge de leur vuln\u00e9rabilit\u00e9.<\/p>\n                    <p>De nombreuses occasions seront offertes aux spectateurs de participer \u00e0 des exp\u00e9riences sensorielles<\/p>\n                    <p>\u00e9veillant les \u00e9motions et questionnant leur rapport \u00e0 la simplicit\u00e9. Chaque instant devenant une<\/p>\n                    <p>c\u00e9l\u00e9bration de la cr\u00e9ativit\u00e9 humaine face \u00e0 l\u2019adversit\u00e9.<\/p>\n                    <p>Depuis deux ans, le festival Nu\u00e9e propose des spectacles, installations immersives et ateliers interactifs,<\/p>\n                    <p>c\u00e9l\u00e9brant ainsi la rencontre des arts en milieu rural et tentant d\u2019exister au plus proche de la nature. Alors<\/p>\n                    <p>pour mieux nous conduire vers l\u2019essentiel, c\u2019est la notion de d\u00e9nuement qui insufflera un nouvel \u00e9lan \u00e0<\/p>\n                    <p>cette troisi\u00e8me \u00e9dition.<\/p>\n                    <p>Enfin, dans ce contexte, il \u00e9tait \u00e9vident pour nous d\u2019honorer Ren\u00e9 Barjavel, \u00e9crivain cher \u00e0 notre r\u00e9gion.<\/p>\n                    <p>Ce festival sera donc l\u2019occasion de nous pencher sur son oeuvre qui invite \u00e0 r\u00e9fl\u00e9chir notamment sur ce<\/p>\n                    <p>qu\u2019il reste de l\u2019humanit\u00e9 lorsque tout le confort moderne dispara\u00eet.<\/p>\n                    <p>\n                      <br>\n                    <\/p>\n                  <\/div>\n                <\/div>\n              <\/div>\n            <\/div>\n          <\/div>\n        <\/div>\n      <\/div>\n    <\/div>\n  <\/div>\n  <div data-colibri-component=\"section\" data-colibri-id=\"80-c27\" id=\"reusable-sections\" class=\"h-section h-section-global-spacing d-flex align-items-lg-center align-items-md-center align-items-center style-934 style-local-80-c27 position-relative\">\n    <!---->\n    <!---->\n    <div class=\"h-section-grid-container h-section-boxed-container\">\n      <!---->\n      <div data-colibri-id=\"80-c28\" class=\"h-row-container gutters-row-lg-2 gutters-row-md-2 gutters-row-0 gutters-row-v-lg-2 gutters-row-v-md-2 gutters-row-v-2 style-935 style-local-80-c28 position-relative\">\n        <!---->\n        <div class=\"h-row justify-content-lg-center justify-content-md-center justify-content-center align-items-lg-stretch align-items-md-stretch align-items-stretch gutters-col-lg-2 gutters-col-md-2 gutters-col-0 gutters-col-v-lg-2 gutters-col-v-md-2 gutters-col-v-2\">\n          <!---->\n          <div class=\"h-column h-column-container d-flex h-col-lg-auto h-col-md-auto h-col-auto style-936-outer style-local-80-c29-outer\">\n            <div data-colibri-id=\"80-c29\" class=\"d-flex h-flex-basis h-column__inner h-px-lg-2 h-px-md-2 h-px-2 v-inner-lg-2 v-inner-md-2 v-inner-2 style-936 style-local-80-c29 position-relative\">\n              <!---->\n              <!---->\n              <div class=\"w-100 h-y-container h-column__content h-column__v-align flex-basis-100 align-self-lg-start align-self-md-start align-self-start\">\n                <!---->\n                <div data-colibri-id=\"80-c30\" class=\"h-global-transition-all h-heading style-937 style-local-80-c30 position-relative h-element\">\n                  <!---->\n                  <div class=\"h-heading__outer style-937 style-local-80-c30\">\n                    <!---->\n                    <!---->\n                    <h4 class=\"\">Suivez nous sur les r\u00e9seaux<\/h4>\n                  <\/div>\n                <\/div>\n                <div data-colibri-id=\"80-c31\" class=\"style-938 style-local-80-c31 position-relative h-element\">\n                  <!---->\n                  <div class=\"d-flex flex-wrap h-social-icons justify-content-lg-center justify-content-md-center justify-content-center\">\n                    <div class=\"social-icon-container d-inline-flex\">\n                      <a href=\"https:\/\/www.facebook.com\/festivalnuee\" target=\"_blank\" h-use-smooth-scroll=\"true\">\n                        <div class=\"icon-container h-social-icon h-global-transition\">\n                          <div class=\"h-icon-svg\" style=\"width: 100%; height: 100%;\">\n                            <!--Icon by Font Awesome (https:\/\/fontawesome.com)-->\n                            <svg version=\"1.1\" xmlns=\"http:\/\/www.w3.org\/2000\/svg\" xmlns:xlink=\"http:\/\/www.w3.org\/1999\/xlink\" id=\"facebook-square\" viewBox=\"0 0 1536 1896.0833\">\n                              <path d=\"M1248 128q119 0 203.5 84.5T1536 416v960q0 119-84.5 203.5T1248 1664h-188v-595h199l30-232h-229V689q0-56 23.5-84t91.5-28l122-1V369q-63-9-178-9-136 0-217.5 80T820 666v171H620v232h200v595H288q-119 0-203.5-84.5T0 1376V416q0-119 84.5-203.5T288 128h960z\"><\/path>\n                            <\/svg>\n                          <\/div>\n                        <\/div>\n                      <\/a>\n                    <\/div>\n                    <div class=\"social-icon-container d-inline-flex\">\n                      <a href=\"https:\/\/www.instagram.com\/festival.nuee\/\" target=\"_blank\" h-use-smooth-scroll=\"true\">\n                        <div class=\"icon-container h-social-icon h-global-transition\">\n                          <div class=\"h-icon-svg\" style=\"width: 100%; height: 100%;\">\n                            <!--Icon by Socicon (http:\/\/www.socicon.com)-->\n                            <svg version=\"1.1\" xmlns=\"http:\/\/www.w3.org\/2000\/svg\" viewBox=\"0 0 1500 1500\">\n\n                              <path d=\"M750 134.766c202.148 0 222.656 2.93 301.758 5.859 76.172 2.93 114.258 14.648 140.625 23.438 35.156 14.648 61.523 32.227 84.961 55.664 26.367 26.367 43.945 52.734 55.664 84.961 11.719 29.297 23.438 67.383 26.367 140.625 2.93 82.031 5.859 102.539 5.859 304.688s-2.93 222.656-5.859 301.758c-2.93 76.172-14.648 114.258-23.438 140.625-14.648 35.156-32.227 61.523-55.664 84.961-26.367 26.367-52.734 43.945-84.961 55.664-29.297 11.719-67.383 23.438-140.625 26.367-82.031 2.93-102.539 5.859-304.688 5.859s-222.656-2.93-301.758-5.859c-76.172-2.93-114.258-14.648-140.625-23.438-35.156-14.648-61.523-32.227-84.961-55.664-26.367-26.367-43.945-52.734-55.664-84.961-11.719-29.297-23.438-67.383-26.367-140.625-2.93-82.031-5.859-102.539-5.859-304.688s2.93-222.656 5.859-301.758c2.93-76.172 14.648-114.258 23.438-140.625 14.648-35.156 32.227-61.523 55.664-84.961 26.367-26.367 52.734-43.945 84.961-55.664 29.297-11.719 67.383-23.438 140.625-26.367 82.031-2.93 102.539-5.859 304.688-5.859M750 0c-205.078 0-228.516 2.93-307.617 5.859-82.031 2.93-137.695 14.648-181.641 32.227-49.805 20.508-93.75 46.875-134.766 87.891s-67.383 84.961-87.891 134.766c-17.578 46.875-29.297 99.609-32.227 181.641-2.93 79.102-5.859 102.539-5.859 307.617s2.93 228.516 5.859 307.617c2.93 82.031 14.648 137.695 32.227 181.641 20.508 49.805 46.875 93.75 87.891 134.766s84.961 67.383 134.766 87.891c46.875 17.578 99.609 29.297 181.641 32.227 79.102 2.93 102.539 5.859 307.617 5.859s228.516-2.93 307.617-5.859c82.031-2.93 137.695-14.648 181.641-32.227 49.805-20.508 93.75-46.875 134.766-87.891s67.383-84.961 87.891-134.766c17.578-46.875 29.297-99.609 32.227-181.641 2.93-79.102 5.859-102.539 5.859-307.617s-2.93-228.516-5.859-307.617c-2.93-82.031-14.648-137.695-32.227-181.641-20.508-49.805-46.875-93.75-87.891-134.766s-84.961-67.383-134.766-87.891c-46.875-17.578-99.609-29.297-181.641-32.227-79.102-2.93-102.539-5.859-307.617-5.859zM750 363.281c-213.867 0-386.719 172.852-386.719 386.719s172.852 386.719 386.719 386.719c213.867 0 386.719-172.852 386.719-386.719s-172.852-386.719-386.719-386.719zM750 1001.953c-137.695 0-251.953-114.258-251.953-251.953s114.258-251.953 251.953-251.953c137.695 0 251.953 114.258 251.953 251.953s-114.258 251.953-251.953 251.953zM1239.258 348.633c0 49.805-38.086 90.82-87.891 90.82s-90.82-41.016-90.82-90.82c0-49.805 41.016-87.891 90.82-87.891s87.891 38.086 87.891 87.891z\"><\/path>\n                            <\/svg>\n                          <\/div>\n                        <\/div>\n                      <\/a>\n                    <\/div>\n                    <div class=\"social-icon-container d-inline-flex\">\n                      <a href=\"https:\/\/wa.me\/+33769004084\" target=\"_blank\" h-use-smooth-scroll=\"true\">\n                        <div class=\"icon-container h-social-icon h-global-transition\">\n                          <div class=\"h-icon-svg\" style=\"width: 100%; height: 100%;\">\n                            <!--Icon by Socicon (http:\/\/www.socicon.com)-->\n                            <svg version=\"1.1\" xmlns=\"http:\/\/www.w3.org\/2000\/svg\" viewBox=\"0 0 1500 1500\">\n\n                              <path d=\"M1280.273 216.797c-140.625-140.625-328.125-216.797-527.344-216.797-410.156 0-744.141 333.984-744.141 744.141 0 128.906 35.156 257.813 99.609 372.070l-105.469 383.789 395.508-102.539c108.398 58.594 228.516 90.82 354.492 90.82v0c0 0 0 0 0 0 410.156 0 744.141-333.984 744.141-744.141 0-199.219-76.172-386.719-216.797-527.344zM752.93 1362.305v0c-111.328 0-219.727-29.297-313.477-87.891l-23.438-11.719-234.375 61.523 61.523-228.516-14.648-23.438c-61.523-99.609-93.75-210.938-93.75-328.125 0-342.773 278.32-618.164 618.164-618.164 164.063 0 319.336 64.453 436.523 181.641s181.641 272.461 181.641 436.523c0 339.844-278.32 618.164-618.164 618.164zM1092.773 899.414c-20.508-8.789-111.328-55.664-128.906-61.523-14.648-5.859-29.297-8.789-41.016 8.789-11.719 20.508-46.875 61.523-58.594 73.242s-20.508 14.648-41.016 5.859c-17.578-8.789-76.172-29.297-149.414-93.75-52.734-46.875-90.82-108.398-102.539-128.906-11.719-17.578 0-26.367 8.789-38.086 8.789-5.859 17.578-20.508 26.367-32.227 11.719-8.789 14.648-17.578 20.508-29.297s2.93-23.438-2.93-32.227c-2.93-8.789-41.016-102.539-55.664-137.695-17.578-38.086-32.227-32.227-43.945-32.227-8.789 0-23.438 0-35.156 0s-32.227 2.93-49.805 20.508c-17.578 20.508-64.453 64.453-64.453 155.273 0 93.75 67.383 181.641 76.172 193.359s131.836 199.219 316.406 281.25c43.945 17.578 79.102 29.297 105.469 38.086 46.875 14.648 84.961 11.719 117.188 8.789 38.086-5.859 111.328-46.875 125.977-90.82 17.578-41.016 17.578-79.102 11.719-87.891-5.859-5.859-17.578-11.719-35.156-20.508z\"><\/path>\n                            <\/svg>\n                          <\/div>\n                        <\/div>\n                      <\/a>\n                    <\/div>\n                    <div class=\"social-icon-container d-inline-flex\">\n                      <a href=\"https:\/\/www.youtube.com\/channel\/UCWLj8AABCA8XabMLo8DDuZA\" target=\"_blank\" h-use-smooth-scroll=\"true\">\n                        <div class=\"icon-container h-social-icon h-global-transition\">\n                          <div class=\"h-icon-svg\" style=\"width: 100%; height: 100%;\">\n                            <!--Icon by Socicon (http:\/\/www.socicon.com)-->\n                            <svg version=\"1.1\" xmlns=\"http:\/\/www.w3.org\/2000\/svg\" viewBox=\"0 0 1500 1500\">\n\n                              <path d=\"M1485.352 451.172c0 0-14.648-105.469-58.594-149.414-58.594-61.523-123.047-61.523-152.344-64.453-208.008-14.648-524.414-14.648-524.414-14.648v0c0 0-316.406 0-524.414 14.648-29.297 2.93-93.75 2.93-152.344 64.453-43.945 43.945-58.594 149.414-58.594 149.414s-14.648 120.117-14.648 240.234v114.258c0 123.047 14.648 243.164 14.648 243.164s14.648 102.539 58.594 149.414c58.594 58.594 134.766 58.594 166.992 64.453 120.117 11.719 509.766 14.648 509.766 14.648s316.406 0 524.414-14.648c29.297-2.93 93.75-5.859 152.344-64.453 43.945-46.875 58.594-149.414 58.594-149.414s14.648-120.117 14.648-243.164v-114.258c0-120.117-14.648-240.234-14.648-240.234zM952.148 761.719v0l-354.492 184.57v-421.875l404.297 210.938z\"><\/path>\n                            <\/svg>\n                          <\/div>\n                        <\/div>\n                      <\/a>\n                    <\/div>\n                  <\/div>\n                <\/div>\n              <\/div>\n            <\/div>\n          <\/div>\n        <\/div>\n      <\/div>\n      <div data-colibri-id=\"80-c32\" class=\"h-row-container gutters-row-lg-2 gutters-row-md-2 gutters-row-0 gutters-row-v-lg-2 gutters-row-v-md-2 gutters-row-v-2 style-939 style-local-80-c32 position-relative\">\n        <!---->\n        <div class=\"h-row justify-content-lg-center justify-content-md-center justify-content-center align-items-lg-stretch align-items-md-stretch align-items-stretch gutters-col-lg-2 gutters-col-md-2 gutters-col-0 gutters-col-v-lg-2 gutters-col-v-md-2 gutters-col-v-2\">\n          <!---->\n          <div class=\"h-column h-column-container d-flex h-col-lg-auto h-col-md-auto h-col-auto style-940-outer style-local-80-c33-outer\">\n            <div data-colibri-id=\"80-c33\" class=\"d-flex h-flex-basis h-column__inner h-px-lg-2 h-px-md-2 h-px-2 v-inner-lg-2 v-inner-md-2 v-inner-2 style-940 style-local-80-c33 position-relative\">\n              <!---->\n              <!---->\n              <div class=\"w-100 h-y-container h-column__content h-column__v-align flex-basis-100 align-self-lg-start align-self-md-start align-self-start\">\n                <!---->\n                <div data-colibri-id=\"80-c34\" class=\"h-x-container style-941 style-local-80-c34 position-relative h-element\">\n                  <!---->\n                  <div class=\"h-x-container-inner style-dynamic-80-c34-group style-941-spacing style-local-80-c34-spacing\"><span class=\"h-button__outer style-942-outer style-local-80-c35-outer d-inline-flex h-element\"><a h-use-smooth-scroll=\"true\" href=\"https:\/\/mailchi.mp\/9bc07082b8d3\/page-newsletter\"  data-colibri-id=\"80-c35\" class=\"d-flex w-100 align-items-center h-button justify-content-lg-center justify-content-md-center justify-content-center style-942 style-local-80-c35 position-relative\"><!----><!----> <span>Inscription Newsletter<\/span><\/a>\n                    <\/span>\n                  <\/div>\n                <\/div>\n              <\/div>\n            <\/div>\n          <\/div>\n        <\/div>\n      <\/div>\n    <\/div>\n  <\/div>\n<\/div>","protected":false},"excerpt":{"rendered":"<p>Pr\u00e9sentation Nu\u00e9e est un festival annuel qui c\u00e9l\u00e8bre la danse et les arts du geste, se tenant chaque mois de septembre dans la vall\u00e9e de l\u2019ennuy\u00e9 en Dr\u00f4me proven\u00e7ale. Port\u00e9 par une \u00e9quipe de b\u00e9n\u00e9voles passionn\u00e9s, le festival Nu\u00e9e est un \u00e9v\u00e9nement unique dans le paysage culturel des Baronnies. Le projet Nu\u00e9e se distingue par [&hellip;]<\/p>\n","protected":false},"author":1,"featured_media":0,"parent":0,"menu_order":0,"comment_status":"closed","ping_status":"closed","template":"page-templates\/full-width-page.php","meta":{"footnotes":""},"class_list":["post-80","page","type-page","status-publish","hentry"],"_links":{"self":[{"href":"https:\/\/festivalnuee.org\/index.php\/wp-json\/wp\/v2\/pages\/80","targetHints":{"allow":["GET"]}}],"collection":[{"href":"https:\/\/festivalnuee.org\/index.php\/wp-json\/wp\/v2\/pages"}],"about":[{"href":"https:\/\/festivalnuee.org\/index.php\/wp-json\/wp\/v2\/types\/page"}],"author":[{"embeddable":true,"href":"https:\/\/festivalnuee.org\/index.php\/wp-json\/wp\/v2\/users\/1"}],"replies":[{"embeddable":true,"href":"https:\/\/festivalnuee.org\/index.php\/wp-json\/wp\/v2\/comments?post=80"}],"version-history":[{"count":20,"href":"https:\/\/festivalnuee.org\/index.php\/wp-json\/wp\/v2\/pages\/80\/revisions"}],"predecessor-version":[{"id":2519,"href":"https:\/\/festivalnuee.org\/index.php\/wp-json\/wp\/v2\/pages\/80\/revisions\/2519"}],"wp:attachment":[{"href":"https:\/\/festivalnuee.org\/index.php\/wp-json\/wp\/v2\/media?parent=80"}],"curies":[{"name":"wp","href":"https:\/\/api.w.org\/{rel}","templated":true}]}}